{"id":107,"date":"2023-08-27T15:29:55","date_gmt":"2023-08-27T15:29:55","guid":{"rendered":"https:\/\/oxgym.no\/?page_id=107"},"modified":"2023-08-27T15:49:59","modified_gmt":"2023-08-27T15:49:59","slug":"medlemskontrakt","status":"publish","type":"page","link":"https:\/\/oxgym.no\/?page_id=107","title":{"rendered":"MEDLEMSKONTRAKT"},"content":{"rendered":"\n    \n    <section class=\"u-align-left u-clearfix u-section-2\" id=\"sec-c9e6\">\n      <div class=\"u-clearfix u-sheet u-sheet-1\">\n        <div class=\"fr-view u-clearfix u-rich-text u-text u-text-1\">\n          <h1 style=\"text-align: left;\">MEDLEMSKONTRAKT<\/h1>\n          <p style=\"text-align: left;\">\n            <span style=\"line-height: 2.0;\">Gjelder for OX Gym as&nbsp;<br id=\"isPasted\">931 026 887&nbsp;\n            <\/span>\n          <\/p>\n        <\/div>\n      <\/div>\n    <\/section>\n    <section class=\"u-align-left u-clearfix u-section-3\" id=\"sec-f59b\">\n      <div class=\"u-clearfix u-sheet u-valign-middle u-sheet-1\">\n        <div class=\"fr-view u-clearfix u-rich-text u-text u-text-1\">\n          <h3 style=\"text-align: left;\">\n            <span style=\"line-height: 2;\">1. Rettigheter og plikter som medlem ved OX Gym<\/span>\n          <\/h3>\n          <p id=\"isPasted\">Senter:<\/p>\n          <p>\u25cf Vil kunne foreta adgangskontroll.<\/p>\n          <p>\u25cf Vil til enhver tid holde apparater og lokaler i best mulig stand.<\/p>\n          <p>\u25cf Kan med forvarsel holde stengt eller redusere tilbudet og \u00e5pningstiden i samsvar med kundens ettersp\u00f8rsel i forbindelse med ferieavvikling, helligdager og vedlikehold.<\/p>\n          <p>\u25cf Fraskriver seg ethvert ansvar for tap og skader p\u00e5 personer eller gjenstander som oppst\u00e5r under, eller som f\u00f8lge av opphold i treningssenteret, herunder tap og skader p\u00e5 kl\u00e6r og personlige eiendeler, med mindre treningssenteret har opptr\u00e5dt uaktsomt.<\/p>\n          <p>\n            <br>\n          <\/p>\n          <p>Medlemmet:<\/p>\n          <p>\u25cf Medlemmet forplikter seg til \u00e5 f\u00f8lge de anvisninger og regler de ansatte ved treningssenteret gir.<\/p>\n          <p>\u25cf Medlemmet er selv ansvarlig for \u00e5 v\u00e6re helsemessig skikket til \u00e5 benytte treningssenteret<\/p>\n          <p>\u25cf M\u00e5 registrere seg ved ankomst p\u00e5 treningssenteret med brikke, app eller via internett.<\/p>\n          <p>\u25cf Plikter \u00e5 oppgi ny informasjon ved flytting, endring av navn, bankkonto m.m.<\/p>\n          <p>\u25cf M\u00e5, ved endring av bankkonto, bes\u00f8rge at medlemmets bankforbindelse trekker m\u00e5nedlig AvtaleGiro bel\u00f8p fra riktig konto.<\/p>\n          <p>\u25cf Kan ikke overdra sitt personlige medlemskap til en annen person.<\/p>\n          <p>\u25cf Aldersgrensen for medlemmer er fylte 15 \u00e5r. Personer under fylte 16 \u00e5r som \u00f8nsker \u00e5 bli medlem trenger foresattes signatur ved innmelding.<\/p>\n          <p>\u25cf Har 14 dagers angrefrist fra innmeldt dato.<\/p>\n          <p>\u25cf Plikter \u00e5 oppgi endring av medlemsstatus.<\/p>\n        <\/div>\n      <\/div>\n    <\/section>\n    <section class=\"u-align-left u-clearfix u-section-4\" id=\"carousel_3a79\">\n      <div class=\"u-clearfix u-sheet u-valign-middle u-sheet-1\">\n        <div class=\"fr-view u-clearfix u-rich-text u-text u-text-1\">\n          <h3 style=\"text-align: left;\">2. Generelle kontraktsbestemmelser<\/h3>\n          <p id=\"isPasted\">Medlemskapet gjelder fra innmeldingsdato dersom ikke annet er oppgitt.<\/p>\n          <p>\n            <br>\n          <\/p>\n          <p>Betaling ved oppstart av medlemskapet<\/p>\n          <p>Ved oppstart av medlemskontrakten betaler man medlemsavgift for resterende dager i innev\u00e6rende m\u00e5ned og neste m\u00e5ned, samt innmeldingsavgift.<\/p>\n          <p>\n            <br>\n          <\/p>\n          <p>Betalingsvilk\u00e5r ved avtalegiro<\/p>\n          <p>Avtalegiro er et fast betalingsoppdrag som medlemmets bank utf\u00f8rer p\u00e5 oppdrag fra medlemmet sitt. Det forutsettes at videre medlemsavgift betales ved avtalegiro. Avtalegirofullmakten til bank kan n\u00e5r som helst tilbakekalles av medlemmet, uten at dette p\u00e5virker medlemmets betalingsforpliktelse. Treningsavtalen forutsetter imidlertid egen skriftlig oppsigelse.<\/p>\n          <p>\n            <br>\n          <\/p>\n          <p>Betalingsterminer<\/p>\n          <p>Innbetalingen av avdrag skal skje til den avtalte tid. \u00c5 ikke benytte seg av treningssenteret fritar ikke undertegnede fra \u00e5 overholde betalingsterminene. Betaling skal skje forskuddsvis den 20. i hver m\u00e5ned.<\/p>\n          <p>\n            <br>\n          <\/p>\n          <p>Inngang<\/p>\n          <p>Alle medlemmer \u00e5pner d\u00f8ren via app(Boost System) eller internett. Hvis medlemmet ikke har mulighet til \u00e5 logge inn via app eller internett kan de bestille brikke via \u00e5 gi beskjed i resepsjonen eller via mail p\u00e5 oxgym.dekkerhus@gmail.com.<\/p>\n          <p>Brikke m\u00e5 betales av medlemmet.<\/p>\n          <p>\n            <br>\n          <\/p>\n          <p>Ved endring av medlemsavtalen<\/p>\n          <p>Ved endring av kontrakt vil ny avtale gjelde fra dagen endringer skjer.<\/p>\n          <p>\n            <br>\n          <\/p>\n          <p>Endringer i trekkbel\u00f8p<\/p>\n          <p>Treningssenteret forbeholder seg retten til \u00e5 prisjustere m\u00e5nedlige trekkbel\u00f8p etter en \u2013 1- m\u00e5neds forutg\u00e5ende varsel, som oppslag p\u00e5 treningssenteret, mail eller sms.<\/p>\n          <p>\n            <br>\n          <\/p>\n          <p>Prisjustering<\/p>\n          <p>Treningssenteret forbeholder seg retten til \u00e5rlig prisjustering av l\u00f8pende avtaler i henhold til konsumprisindeksen uten forutg\u00e5ende varsling.<\/p>\n        <\/div>\n      <\/div>\n    <\/section>\n    <section class=\"u-align-left u-clearfix u-section-5\" id=\"carousel_24bb\">\n      <div class=\"u-clearfix u-sheet u-valign-middle u-sheet-1\">\n        <div class=\"fr-view u-clearfix u-rich-text u-text u-text-1\">\n          <h3 style=\"text-align: left;\">3. Oppsigelse av medlemsavtalen<\/h3>\n          <p id=\"isPasted\">Oppsigelsestiden er en \u2013 1 \u2013 m\u00e5ned regnet fra f\u00f8rste m\u00e5nedsskifte etter den dato oppsigelsen er mottatt. Oppsigelsen m\u00e5 v\u00e6re skriftlig, per mail, eller fysisk i resepsjonen av medlemmet som skal melde seg ut.<\/p>\n        <\/div>\n      <\/div>\n    <\/section>\n    <section class=\"u-align-left u-clearfix u-section-6\" id=\"carousel_9aaa\">\n      <div class=\"u-clearfix u-sheet u-valign-middle u-sheet-1\">\n        <div class=\"fr-view u-clearfix u-rich-text u-text u-text-1\">\n          <h3 style=\"text-align: left;\">4. OX Gym sin rett til oppsigelse av medlemsavtalen<\/h3>\n          <p id=\"isPasted\">Treningssenteret forbeholder seg retten til \u00e5 heve medlemsavtalen med medlemmet dersom medlemmet foretar vesentlig brudd p\u00e5 treningssenteret interne retningslinjer.<\/p>\n          <p>\u25cf Tyveri fra treningssenteret eller medlemmene<\/p>\n          <p>\u25cf Slippe inn personer uten medlemskap<\/p>\n          <p>\u25cf Inngang i beruset tilstand<\/p>\n          <p>\u25cf Bruk av dopingmidler som er oppf\u00f8rt i Antidoping Norge<\/p>\n          <p>\u25cf Ikke oppfyller aldersgrense, eller har gyldig fullmakt fra foresatte.<\/p>\n          <p>\u25cf Ikke betaler medlemsavgift i 2 m\u00e5neder eller mer.<\/p>\n          <p>\u25cf P\u00e5 en eller annen m\u00e5te opptrer mot treningssenteret interesser og form\u00e5l.<\/p>\n          <p>\u25cf Opptrer truende\/upassende overfor \u00f8vrige medlemmer eller ansatte.<\/p>\n          <p>\u25cf Ikke overholder treningssenterets regler etter anmodning fra de ansatte.<\/p>\n          <p>\n            <br>\n          <\/p>\n          <p>Advarsel vil bli gitt til medlemmet f\u00f8r oppsigelse av medlemsavtalen.<\/p>\n        <\/div>\n      <\/div>\n    <\/section>\n    <section class=\"u-align-left u-clearfix u-section-7\" id=\"carousel_ae99\">\n      <div class=\"u-clearfix u-sheet u-valign-middle u-sheet-1\">\n        <div class=\"fr-view u-clearfix u-rich-text u-text u-text-1\">\n          <h3 style=\"text-align: left;\">5. Aldersgrense<\/h3>\n          <p id=\"isPasted\">Aldersgrensen for medlemskap er fylte 15 \u00e5r. Personer under fylte 16 \u00e5r trenger foresattes signatur ved innmelding.<\/p>\n        <\/div>\n      <\/div>\n    <\/section>\n    <section class=\"u-align-left u-clearfix u-section-8\" id=\"carousel_e0dc\">\n      <div class=\"u-clearfix u-sheet u-valign-middle u-sheet-1\">\n        <div class=\"fr-view u-clearfix u-rich-text u-text u-text-1\">\n          <h3 style=\"text-align: left;\">6. Trening p\u00e5 eget ansvar<\/h3>\n          <p id=\"isPasted\">Det er enighet om at trening skjer p\u00e5 eget ansvar. Undertegnede er ansvarlig for at han\/hun er fysisk og psykisk skikket til \u00e5 benytte seg av treningssenteret. Treningssenteret fraskriver seg ansvar for tap og skader p\u00e5 person eller gjenstander som oppst\u00e5r under eller som f\u00f8lge av undertegnedes opphold i treningssenteret, herunder tap og skader p\u00e5 kl\u00e6r og personlige eiendeler med mindre treningssenteret har opptr\u00e5dt uaktsomt. Treningssenteret forplikter seg til \u00e5 vedlikeholde alt treningsutstyr s\u00e5 ulykker kan unng\u00e5s.<\/p>\n        <\/div>\n      <\/div>\n    <\/section>\n    <section class=\"u-align-left u-clearfix u-section-9\" id=\"carousel_500e\">\n      <div class=\"u-clearfix u-sheet u-valign-top u-sheet-1\">\n        <div class=\"fr-view u-clearfix u-rich-text u-text u-text-1\">\n          <h3 style=\"text-align: left;\">7. Antidoping<\/h3>\n          <p id=\"isPasted\">Treningssenteret \u00f8nsker et rent og sunt treningsmilj\u00f8 og tolererer ikke bruk av dopingmidler.<\/p>\n          <p>Som medlem av treningssenteret tar jeg avstand fra bruk av dopingmidler, og er kjent med at bruk av dopingmidler utgj\u00f8r et vesentlig mislighold av treningsavtalen som gir treningssenteret rett til \u00e5 heve avtalen med \u00f8yeblikkelig virkning.<\/p>\n          <p>Jeg forplikter meg til ikke \u00e5 bruke dopingmidler som fremkommer p\u00e5 dopingliste for treningssentre. Jeg er kjent med at lista til enhver tid kan finnes p\u00e5 www.rentsenter.no.<\/p>\n          <p>Hvis treningssenteret registrerer tegn og symptomer p\u00e5 bruk av dopingmidler, er jeg innforst\u00e5tt med at jeg vil bli innkalt til en samtale. Under samtalen vil jeg bli forelagt en avtale om dopingkontroll som forplikter meg til \u00e5 avgi dopingpr\u00f8ve mens jeg befinner meg p\u00e5 treningssenteret. Dersom jeg ikke signerer erkl\u00e6ringen, anses det som et vesentlig mislighold av min treningsavtale, og treningssenteret har anledning til \u00e5 heve treningsavtalen. Positiv dopingtest medf\u00f8rer utestengelse og politianmeldelse.<\/p>\n        <\/div>\n      <\/div>\n    <\/section>\n    <section class=\"u-align-left u-clearfix u-section-10\" id=\"carousel_b34c\">\n      <div class=\"u-clearfix u-sheet u-valign-middle u-sheet-1\">\n        <div class=\"fr-view u-clearfix u-rich-text u-text u-text-1\">\n          <h3 style=\"text-align: left;\">8. Medlemsplikter og utestengning<\/h3>\n          <p id=\"isPasted\">Medlemmer plikter ved sine fremm\u00f8ter i \u00e5 vise frem gyldig medlemskap. Treningssenteret skal klart og tydelig orientere om regler og instrukser som gjelder for virksomheten, og fastsetter de regler som gjelder ved treningssenteret. Medlemmet plikter \u00e5 f\u00f8lge de anvisninger og regler som treningssenteret gir. Ved overtredelse som anses som vesentlig mislighold av avtalen kan treningssenteret etter forutg\u00e5ende varsel bringe avtalen til opph\u00f8r uten plikt til \u00e5 foreta refusjon av innbetalt medlemsavgift.<\/p>\n        <\/div>\n      <\/div>\n    <\/section>\n    <section class=\"u-align-left u-clearfix u-section-11\" id=\"carousel_593b\">\n      <div class=\"u-clearfix u-sheet u-valign-middle u-sheet-1\">\n        <div class=\"fr-view u-clearfix u-rich-text u-text u-text-1\">\n          <h3 style=\"text-align: left;\">9. Endring av ytelser<\/h3>\n          <p id=\"isPasted\">Treningssenteret har rett til \u00e5 endre \u00e5pningstider og redusere eller holde stengt p\u00e5 offentlige fridager og helligdager med 14 dagers varsel.<\/p>\n        <\/div>\n      <\/div>\n    <\/section>\n    <section class=\"u-align-left u-clearfix u-section-12\" id=\"carousel_95da\">\n      <div class=\"u-clearfix u-sheet u-sheet-1\">\n        <div class=\"fr-view u-clearfix u-rich-text u-text u-text-1\">\n          <h3 style=\"text-align: left;\">10. Personvern<\/h3>\n          <p id=\"isPasted\">Treningssenteret er delvis ubemannet. For \u00e5 hindre og oppklare evt ulykker, uhell, h\u00e6rverk, tyveri og inngang uten gyldig medlemskap er treningssenteret kameraoverv\u00e5ket. Opptak blir aldri lagret lengre enn 7 dager, men kan lagres inntil 30 dager ved opptak som viser brudd p\u00e5 medlemskontrakten eller ved p\u00e5g\u00e5ende etterforskning av straffbare ulykker og forhold. Opptak kan utleveres til politi dersom det er n\u00f8dvendig.<\/p>\n        <\/div>\n      <\/div>\n    <\/section>\n    \n    \n  \n","protected":false},"excerpt":{"rendered":"<p>MEDLEMSKONTRAKT Gjelder for OX Gym as&nbsp;931 026 887&nbsp; 1. Rettigheter og plikter som medlem ved OX Gym Senter: \u25cf Vil kunne foreta adgangskontroll. \u25cf Vil til enhver tid holde apparater og lokaler i best mulig stand. \u25cf Kan med forvarsel holde stengt eller redusere tilbudet og \u00e5pningstiden i samsvar med kundens ettersp\u00f8rsel i forbindelse med &hellip; <a href=\"https:\/\/oxgym.no\/?page_id=107\" class=\"more-link\">Continue reading<span class=\"screen-reader-text\"> &laquo;MEDLEMSKONTRAKT&raquo;<\/span><\/a><\/p>\n","protected":false},"author":1,"featured_media":0,"parent":0,"menu_order":0,"comment_status":"closed","ping_status":"closed","template":"","meta":{"footnotes":""},"class_list":["post-107","page","type-page","status-publish","hentry"],"_links":{"self":[{"href":"https:\/\/oxgym.no\/index.php?rest_route=\/wp\/v2\/pages\/107","targetHints":{"allow":["GET"]}}],"collection":[{"href":"https:\/\/oxgym.no\/index.php?rest_route=\/wp\/v2\/pages"}],"about":[{"href":"https:\/\/oxgym.no\/index.php?rest_route=\/wp\/v2\/types\/page"}],"author":[{"embeddable":true,"href":"https:\/\/oxgym.no\/index.php?rest_route=\/wp\/v2\/users\/1"}],"replies":[{"embeddable":true,"href":"https:\/\/oxgym.no\/index.php?rest_route=%2Fwp%2Fv2%2Fcomments&post=107"}],"version-history":[{"count":3,"href":"https:\/\/oxgym.no\/index.php?rest_route=\/wp\/v2\/pages\/107\/revisions"}],"predecessor-version":[{"id":118,"href":"https:\/\/oxgym.no\/index.php?rest_route=\/wp\/v2\/pages\/107\/revisions\/118"}],"wp:attachment":[{"href":"https:\/\/oxgym.no\/index.php?rest_route=%2Fwp%2Fv2%2Fmedia&parent=107"}],"curies":[{"name":"wp","href":"https:\/\/api.w.org\/{rel}","templated":true}]}}