{"id":58,"date":"2023-08-27T15:17:56","date_gmt":"2023-08-27T15:17:56","guid":{"rendered":"https:\/\/oxgym.no\/?page_id=58"},"modified":"2024-11-13T08:30:07","modified_gmt":"2024-11-13T08:30:07","slug":"ox-gym-rorvik","status":"publish","type":"page","link":"https:\/\/oxgym.no\/","title":{"rendered":"HJEM"},"content":{"rendered":"\n    \n    <section class=\"u-black u-clearfix u-hidden-sm u-hidden-xs u-section-2\" id=\"sec-915a\">\n      <div class=\"u-clearfix u-sheet u-sheet-1\">\n        <div class=\"u-custom-php u-expanded-width u-custom-php-1\" ><div style='padding:56.25% 0 0 0;position:relative;'><iframe src='https:\/\/player.vimeo.com\/video\/1024670352?badge=0&amp;amp;autopause=0&amp;amp;player_id=0&amp;amp;app_id=58479' frameborder='0' allow='autoplay; fullscreen; picture-in-picture; clipboard-write' style='position:absolute;top:0;left:0;width:100%;height:100%;' title='OX Gym'><\/iframe><\/div><script src='https:\/\/player.vimeo.com\/api\/player.js'><\/script><\/div>\n      <\/div>\n    <\/section>\n    <section class=\"skrollable skrollable-between u-align-center u-clearfix u-container-align-center u-image u-shading u-section-3\" src=\"\" id=\"carousel_e7d3\" data-image-width=\"5712\" data-image-height=\"4284\" style=\"background-image: linear-gradient(0deg, rgba(0, 0, 0, 0.4), rgba(0, 0, 0, 0.4)), url(&quot;https:\/\/oxgym.no\/wp-content\/themes\/OxGym\/images\/image_50733057.JPG&quot;);\">\n      <div class=\"u-clearfix u-sheet u-sheet-1\">\n        <h1 class=\"u-align-center u-text u-text-1\" data-animation-name=\"customAnimationIn\" data-animation-duration=\"1250\" data-lang-en=\"\u200bSports and wellness the way you want it - in one membership\">\n          <span style=\"font-size: 4.5rem;\">&nbsp;OX GYM R\u00d8RVIK<br>TREN FRA 329,-\n          <\/span>\n        <\/h1>\n      <\/div>\n    <\/section>\n    <section class=\"u-clearfix u-container-align-center-xl u-hidden-md u-hidden-sm u-hidden-xs u-palette-1-base u-section-4\" id=\"sec-1cbf\">\n      <div class=\"u-clearfix u-sheet u-sheet-1\">\n        <div class=\"u-clearfix u-expanded-width-md u-expanded-width-sm u-expanded-width-xs u-gutter-20 u-layout-wrap u-layout-wrap-1\">\n          <div class=\"u-layout\">\n            <div class=\"u-layout-row\">\n              <div class=\"u-size-20 u-size-30-md\">\n                <div class=\"u-layout-col\">\n                  <div class=\"u-container-style u-image u-layout-cell u-size-30 u-image-1\" data-image-width=\"1536\" data-image-height=\"2048\" data-animation-name=\"customAnimationIn\" data-animation-duration=\"1500\" style=\"background-image: url(&quot;https:\/\/oxgym.no\/wp-content\/themes\/OxGym\/images\/image_123650291.JPG&quot;);\">\n                    <div class=\"u-container-layout u-valign-bottom-lg u-valign-bottom-md u-valign-bottom-sm u-valign-bottom-xs u-container-layout-1\"><\/div>\n                  <\/div>\n                  <div class=\"u-container-align-center-lg u-container-align-center-md u-container-align-center-sm u-container-align-center-xs u-container-style u-image u-layout-cell u-size-30 u-image-2\" data-image-width=\"5712\" data-image-height=\"4284\" data-animation-name=\"customAnimationIn\" data-animation-duration=\"1500\" data-animation-delay=\"250\" style=\"background-image: url(&quot;https:\/\/oxgym.no\/wp-content\/themes\/OxGym\/images\/image_50454529.JPG&quot;);\">\n                    <div class=\"u-container-layout u-valign-bottom-lg u-valign-bottom-md u-valign-bottom-sm u-valign-bottom-xs u-container-layout-2\"><\/div>\n                  <\/div>\n                <\/div>\n              <\/div>\n              <div class=\"u-size-20 u-size-30-md\">\n                <div class=\"u-layout-col\">\n                  <div class=\"u-container-style u-hidden-sm u-hidden-xs u-layout-cell u-size-20 u-layout-cell-3\">\n                    <div class=\"u-container-layout u-container-layout-3\"><\/div>\n                  <\/div>\n                  <div class=\"u-container-align-center u-container-style u-image u-layout-cell u-size-20 u-image-3\" data-image-width=\"5712\" data-image-height=\"4284\" data-animation-name=\"customAnimationIn\" data-animation-duration=\"1500\" data-animation-delay=\"500\" style=\"background-image: url(&quot;https:\/\/oxgym.no\/wp-content\/themes\/OxGym\/images\/image_50424065.JPG&quot;);\">\n                    <div class=\"u-container-layout u-container-layout-4\"><\/div>\n                  <\/div>\n                  <div class=\"u-align-left u-container-align-center u-container-style u-layout-cell u-size-20 u-layout-cell-5\" data-animation-name=\"customAnimationIn\" data-animation-duration=\"1000\">\n                    <div class=\"u-container-layout u-container-layout-5\"><\/div>\n                  <\/div>\n                <\/div>\n              <\/div>\n              <div class=\"u-size-20 u-size-60-md\">\n                <div class=\"u-layout-col\">\n                  <div class=\"u-container-style u-image u-layout-cell u-size-30 u-image-4\" data-image-width=\"1536\" data-image-height=\"2048\" data-animation-name=\"customAnimationIn\" data-animation-duration=\"1500\" style=\"background-image: url(&quot;https:\/\/oxgym.no\/wp-content\/uploads\/2023\/08\/359233268_170819466001363_7574286299511769503_n.jpg&quot;);\">\n                    <div class=\"u-container-layout u-valign-bottom-lg u-valign-bottom-md u-valign-bottom-sm u-valign-bottom-xs u-container-layout-6\"><\/div>\n                  <\/div>\n                  <div class=\"u-container-style u-image u-layout-cell u-size-30 u-image-5\" data-image-width=\"5215\" data-image-height=\"4281\" data-animation-name=\"customAnimationIn\" data-animation-duration=\"1500\" data-animation-delay=\"250\" style=\"background-image: url(&quot;https:\/\/oxgym.no\/wp-content\/themes\/OxGym\/images\/image_50447873.JPG&quot;);\">\n                    <div class=\"u-container-layout u-valign-bottom-lg u-valign-bottom-md u-valign-bottom-sm u-valign-bottom-xs u-container-layout-7\"><\/div>\n                  <\/div>\n                <\/div>\n              <\/div>\n            <\/div>\n          <\/div>\n        <\/div>\n        <div class=\"u-align-left u-container-align-left u-container-style u-expanded-width-md u-expanded-width-sm u-expanded-width-xs u-group u-shape-rectangle u-group-1\" data-animation-name=\"customAnimationIn\" data-animation-duration=\"1500\" data-animation-delay=\"500\">\n          <div class=\"u-container-layout u-container-layout-8\">\n            <h2 class=\"u-align-left u-text u-text-1\" data-lang-en=\"Fitness journey\">Det beste treningsutstyret<\/h2>\n            <h4 class=\"u-align-left u-text u-text-2\">Treningsapparater fra kjente leverand\u00f8rer<\/h4>\n            <p class=\"u-align-left u-text u-text-3\">Vi har kj\u00f8pt inn kondisjonsapprater fra merkene \u200bLife Fitness og Concept 2.&nbsp;<br>\n              <br>Styrkeapprater fra merkene Hammer Strength, Precor, Atlantis og Life Fitness.&nbsp;<br>\n              <br>Vektskiver, stenger, benker, racks med mer kommer fra merkene Ata og Eleiko.\n            <\/p>\n          <\/div>\n        <\/div>\n      <\/div>\n    <\/section>\n    <section class=\"u-clearfix u-image u-shading u-section-5\" id=\"carousel_6287\" data-image-width=\"5215\" data-image-height=\"4281\" style=\"background-image: linear-gradient(0deg, rgba(0, 0, 0, 0.25), rgba(0, 0, 0, 0.25)), url(&quot;https:\/\/oxgym.no\/wp-content\/themes\/OxGym\/images\/image_50447873.JPG&quot;);\">\n      <div class=\"u-clearfix u-sheet u-sheet-1\">\n        <h2 class=\"u-text u-text-default u-text-1\" data-animation-name=\"customAnimationIn\" data-animation-duration=\"1500\" data-lang-en=\"Start Today\">Start i dag<\/h2>\n        <ul class=\"u-custom-list u-file-icon u-large-text u-text u-text-body-alt-color u-text-variant u-text-2\" data-animation-name=\"customAnimationIn\" data-animation-duration=\"1500\">\n          <li style=\"padding-left: 11px;\">\n            <div class=\"u-list-icon u-text-palette-2-base\">\n              <svg class=\"u-svg-content\" viewBox=\"0 0 512 512\" id=\"svg-390d\" style=\"font-size: 0.9em; margin: -0.9em;\"><path d=\"m202.6 478-202.6-186.6 70.5-76.6 121.5 111.9 239.4-292.7 80.6 65.9z\" fill=\"currentColor\"><\/path><\/svg>\n            <\/div>Student og pensjonist - <span style=\"font-weight: 700;\">399,-<\/span>\n          <\/li>\n          <li style=\"padding-left: 11px;\">\n            <div class=\"u-list-icon u-text-palette-2-base\">\n              <svg class=\"u-svg-content\" viewBox=\"0 0 512 512\" id=\"svg-390d\" style=\"font-size: 0.9em; margin: -0.9em;\"><path d=\"m202.6 478-202.6-186.6 70.5-76.6 121.5 111.9 239.4-292.7 80.6 65.9z\" fill=\"currentColor\"><\/path><\/svg>\n            <\/div>Voksen - <span style=\"font-weight: 700;\">449,-<\/span>\n          <\/li>\n          <li style=\"padding-left: 11px;\">\n            <div class=\"u-list-icon u-text-palette-2-base\">\n              <svg class=\"u-svg-content\" viewBox=\"0 0 512 512\" id=\"svg-390d\" style=\"font-size: 0.9em; margin: -0.9em;\"><path d=\"m202.6 478-202.6-186.6 70.5-76.6 121.5 111.9 239.4-292.7 80.6 65.9z\" fill=\"currentColor\"><\/path><\/svg>\n            <\/div>Sj\u00f8\/Offshore - <span style=\"font-weight: 700;\">329,-<\/span>\n          <\/li>\n        <\/ul>\n        <a href=\"https:\/\/portal.boostsystem.no\/oxgym\/member\" class=\"u-active-white u-border-2 u-border-palette-2-base u-btn u-button-style u-hover-white u-palette-2-base u-btn-1\" data-animation-name=\"customAnimationIn\" data-animation-duration=\"1500\" data-animation-delay=\"500\" data-animation-direction=\"\" data-lang-en=\"Get Started Now\" target=\"_blank\">BLI MEDLEM<\/a>\n      <\/div>\n    <\/section>\n    <section class=\"u-black u-clearfix u-section-6\" id=\"sec-bc54\">\n      <div class=\"u-clearfix u-sheet u-sheet-1\">\n        <div class=\"u-clearfix u-expanded-width u-gutter-30 u-layout-wrap u-layout-wrap-1\">\n          <div class=\"u-layout\">\n            <div class=\"u-layout-row\">\n              <div class=\"u-container-style u-hidden-sm u-hidden-xs u-layout-cell u-left-cell u-size-28 u-layout-cell-1\">\n                <div class=\"u-container-layout\">\n                  <div class=\"u-align-left u-palette-1-base u-shape u-shape-1\"><\/div>\n                  <img decoding=\"async\" class=\"u-align-left u-expanded-width-md u-expanded-width-sm u-expanded-width-xs u-image u-image-1\" data-image-width=\"5712\" data-image-height=\"4284\" src=\"https:\/\/oxgym.no\/wp-content\/themes\/OxGym\/images\/image_50458369.JPG\">\n                <\/div>\n              <\/div>\n              <div class=\"u-align-left u-container-style u-layout-cell u-right-cell u-size-32 u-layout-cell-2\">\n                <div class=\"u-container-layout u-valign-bottom-xs u-container-layout-2\">\n                  <h2 class=\"u-text u-text-1\">\u00c5pningstider<\/h2>\n                  <p class=\"u-text u-text-2\">Mandag til Fredag<br>0500 til 2300<br>\n                    <br>L\u00f8rdag til S\u00f8ndag<br>0600 til 2300\n                  <\/p>\n                <\/div>\n              <\/div>\n            <\/div>\n          <\/div>\n        <\/div>\n      <\/div>\n    <\/section>\n    <section class=\"u-black u-clearfix u-section-7\" id=\"sec-8a2b\">\n      <div class=\"u-clearfix u-sheet u-sheet-1\">\n        <div class=\"u-clearfix u-expanded-width u-gutter-30 u-layout-wrap u-layout-wrap-1\">\n          <div class=\"u-gutter-0 u-layout\">\n            <div class=\"u-layout-row\">\n              <div class=\"u-size-30 u-size-60-md\">\n                <div class=\"u-layout-col\">\n                  <div class=\"u-container-style u-image u-layout-cell u-left-cell u-size-40 u-image-1\" src=\"\" data-image-width=\"2000\" data-image-height=\"1500\" style=\"background-image: url(&quot;https:\/\/oxgym.no\/wp-content\/uploads\/2023\/08\/IMG_5375.jpg&quot;);\">\n                    <div class=\"u-container-layout u-valign-middle u-container-layout-1\"><\/div>\n                  <\/div>\n                  <div class=\"u-align-left u-container-style u-layout-cell u-left-cell u-size-20 u-layout-cell-2\">\n                    <div class=\"u-container-layout u-valign-bottom u-container-layout-2\">\n                      <h2 class=\"u-text u-text-default u-text-1\">Inspirert av Oxford i England<\/h2>\n                      <p class=\"u-text u-text-2\"> Eskil Dekkerhus (24) har ikke ligget p\u00e5 latsida i sommer. Han har nemlig brukt de siste ukene og m\u00e5nedene p\u00e5 \u00e5 ferdigstille det splitter nye treningssenteret i R\u00f8rvik. Mandag var det offisiell \u00e5pning av Ox Gym R\u00f8rvik.<\/p>\n                      <a href=\"https:\/\/www.namdalsavisa.no\/eskil-24-kunne-endelig-apne-det-nye-treningssenteret-inspirert-av-oxford-i-england-det-har-ikke-akkurat-blitt-mye-ferie-i-sommer\/s\/5-121-1220418\" class=\"u-border-palette-1-base u-btn u-button-style u-hover-white u-palette-1-base u-text-body-alt-color u-text-hover-black u-btn-1\" target=\"_blank\">Les om OX i NA<\/a>\n                    <\/div>\n                  <\/div>\n                <\/div>\n              <\/div>\n              <div class=\"u-size-30 u-size-60-md\">\n                <div class=\"u-layout-col\">\n                  <div class=\"u-align-left u-container-style u-layout-cell u-right-cell u-size-20 u-layout-cell-3\">\n                    <div class=\"u-container-layout u-container-layout-3\">\n                      <h2 class=\"u-text u-text-default u-text-3\"> Satser friskt med OX Gym<\/h2>\n                      <p class=\"u-text u-text-4\"> Ungdommen har investert over fem millioner kroner i prosjektet, og planlegger \u00e5 utvide med fysioterapi om ett \u00e5rs tid.<\/p>\n                      <a href=\"https:\/\/ytringen.no\/nyheter\/naring\/satser-friskt-med-ox-gym\/19.12438\" class=\"u-border-palette-1-base u-btn u-button-style u-hover-white u-palette-1-base u-text-body-alt-color u-text-hover-black u-btn-2\" target=\"_blank\">Les om OX i Ytringen<\/a>\n                    <\/div>\n                  <\/div>\n                  <div class=\"u-container-style u-image u-layout-cell u-right-cell u-size-40 u-image-2\" src=\"\" data-image-width=\"980\" data-image-height=\"735\" style=\"background-image: url(&quot;https:\/\/oxgym.no\/wp-content\/uploads\/2023\/08\/31e282a97a481.webp&quot;);\">\n                    <div class=\"u-container-layout u-valign-middle u-container-layout-4\"><\/div>\n                  <\/div>\n                <\/div>\n              <\/div>\n            <\/div>\n          <\/div>\n        <\/div>\n      <\/div>\n    <\/section>\n    <section class=\"u-clearfix u-grey-5 u-section-8\" id=\"sec-270e\">\n      <div class=\"u-clearfix u-sheet u-sheet-1\">\n        <div class=\"u-clearfix u-expanded-width u-layout-wrap u-layout-wrap-1\">\n          <div class=\"u-layout\">\n            <div class=\"u-layout-row\">\n              <div class=\"u-align-left u-container-style u-layout-cell u-left-cell u-size-30 u-layout-cell-1\">\n                <div class=\"u-container-layout u-valign-middle u-container-layout-1\">\n                  <h2 class=\"u-text u-text-1\">OX Gym R\u00f8rvik<\/h2>\n                  <p class=\"u-text u-text-2\">Betzy Bergs gate 7, 7900 R\u00f8rvik<\/p>\n                  <p class=\"u-text u-text-3\">94890750<\/p>\n                  <p class=\"u-text u-text-4\">\n                    <a href=\"mailto:oxgym.dekkerhus@gmail.com\" target=\"_blank\" class=\"u-active-none u-border-none u-btn u-button-style u-hover-none u-none u-text-black u-btn-1\">oxgym.dekkerhus@gmail.com<\/a>\n                  <\/p>\n                <\/div>\n              <\/div>\n              <div class=\"u-container-style u-layout-cell u-right-cell u-size-30 u-layout-cell-2\">\n                <div class=\"u-container-layout u-container-layout-2\">\n                  <div class=\"u-expanded u-grey-10 u-map\">\n                    <div class=\"embed-responsive\">\n                      <iframe class=\"embed-responsive-item\" src=\"\/\/maps.google.com\/maps?output=embed&amp;q=Betzy%20Bergs%20gate%207%2C%207900%20R%C3%B8rvik&amp;z=16&amp;t=m\" data-map=\"JTdCJTIyYWRkcmVzcyUyMiUzQSUyMkJldHp5JTIwQmVyZ3MlMjBnYXRlJTIwNyUyQyUyMDc5MDAlMjBSJUMzJUI4cnZpayUyMiUyQyUyMnpvb20lMjIlM0ExNiUyQyUyMnR5cGVJZCUyMiUzQSUyMnJvYWQlMjIlMkMlMjJsYW5nJTIyJTNBbnVsbCUyQyUyMmFwaUtleSUyMiUzQW51bGwlMkMlMjJtYXJrZXJzJTIyJTNBJTVCJTVEJTdE\"><\/iframe>\n                    <\/div>\n                  <\/div>\n                <\/div>\n              <\/div>\n            <\/div>\n          <\/div>\n        <\/div>\n      <\/div>\n    <\/section>\n    <section class=\"u-clearfix u-image u-section-9\" id=\"sec-1085\" data-image-width=\"2048\" data-image-height=\"1004\" style=\"background-image: url(&quot;https:\/\/oxgym.no\/wp-content\/uploads\/2023\/08\/358706992_169925356090774_3315118872587665201_n.jpg&quot;);\">\n      <div class=\"u-align-left u-clearfix u-sheet u-sheet-1\"><\/div>\n    <\/section>\n    \n    \n  \n","protected":false},"excerpt":{"rendered":"<p>&nbsp;OX GYM R\u00d8RVIKTREN FRA 329,- Det beste treningsutstyret Treningsapparater fra kjente leverand\u00f8rer Vi har kj\u00f8pt inn kondisjonsapprater fra merkene \u200bLife Fitness og Concept 2.&nbsp; Styrkeapprater fra merkene Hammer Strength, Precor, Atlantis og Life Fitness.&nbsp; Vektskiver, stenger, benker, racks med mer kommer fra merkene Ata og Eleiko. Start i dag Student og pensjonist &#8211; 399,- Voksen &hellip; <a href=\"https:\/\/oxgym.no\/\" class=\"more-link\">Continue reading<span class=\"screen-reader-text\"> &laquo;HJEM&raquo;<\/span><\/a><\/p>\n","protected":false},"author":1,"featured_media":0,"parent":0,"menu_order":0,"comment_status":"closed","ping_status":"closed","template":"","meta":{"footnotes":""},"class_list":["post-58","page","type-page","status-publish","hentry"],"_links":{"self":[{"href":"https:\/\/oxgym.no\/index.php?rest_route=\/wp\/v2\/pages\/58","targetHints":{"allow":["GET"]}}],"collection":[{"href":"https:\/\/oxgym.no\/index.php?rest_route=\/wp\/v2\/pages"}],"about":[{"href":"https:\/\/oxgym.no\/index.php?rest_route=\/wp\/v2\/types\/page"}],"author":[{"embeddable":true,"href":"https:\/\/oxgym.no\/index.php?rest_route=\/wp\/v2\/users\/1"}],"replies":[{"embeddable":true,"href":"https:\/\/oxgym.no\/index.php?rest_route=%2Fwp%2Fv2%2Fcomments&post=58"}],"version-history":[{"count":18,"href":"https:\/\/oxgym.no\/index.php?rest_route=\/wp\/v2\/pages\/58\/revisions"}],"predecessor-version":[{"id":133,"href":"https:\/\/oxgym.no\/index.php?rest_route=\/wp\/v2\/pages\/58\/revisions\/133"}],"wp:attachment":[{"href":"https:\/\/oxgym.no\/index.php?rest_route=%2Fwp%2Fv2%2Fmedia&parent=58"}],"curies":[{"name":"wp","href":"https:\/\/api.w.org\/{rel}","templated":true}]}}